{"id":284,"date":"2016-04-02T22:12:23","date_gmt":"2016-04-02T22:12:23","guid":{"rendered":"http:\/\/localhost\/food\/?page_id=2"},"modified":"2026-01-20T06:25:48","modified_gmt":"2026-01-20T06:25:48","slug":"home","status":"publish","type":"page","link":"https:\/\/pokemistry.com\/pokeditorial\/","title":{"rendered":"Home"},"content":{"rendered":"<div class=\"wpb-content-wrapper\">[vc_row layout=&#8221;wide&#8221; css=&#8221;.vc_custom_1755455230130{background-color: #000000 !important;}&#8221;][vc_column][layerslider_vc id=&#8221;2&#8243;][vc_empty_space][\/vc_column][\/vc_row][vc_row css=&#8221;.vc_custom_1755467782030{padding-top: 10% !important;padding-bottom: 10% !important;background-color: #000000 !important;}&#8221;][vc_column css_animation=&#8221;fadeInUp&#8221; width=&#8221;1\/3&#8243;][vc_custom_heading text=&#8221;We deliver<br \/>\ndelightful editorial<br \/>\nabout Pok\u00e9mon<br \/>\nlike no other!&#8221; font_container=&#8221;tag:h2|font_size:38|text_align:left|color:%23FFFFFF|line_height:45px&#8221; use_theme_fonts=&#8221;yes&#8221; css=&#8221;&#8221; el_class=&#8221;font_weight_700&#8243;][\/vc_column][vc_column css_animation=&#8221;fadeInDown&#8221; width=&#8221;1\/3&#8243;][vc_column_text css=&#8221;&#8221; font_color=&#8221;#FFFFFF&#8221;]Pok\u00e9ditorial Magazine isn\u2019t your average fan mag\u2014it\u2019s where Pok\u00e9mon expertise meets sharp editorial flair. We believe information doesn\u2019t have to be bland, so every page is crafted to be both insightful and genuinely fun to read. Our team brings together the best voices in the community: seasoned collectors who know the value of a mint-condition card, competitive battlers who analyze strategies with surgical precision, and cultural enthusiasts who track how Pok\u00e9mon continues to shape the world.[\/vc_column_text][\/vc_column][vc_column css_animation=&#8221;fadeInUp&#8221; width=&#8221;1\/3&#8243;][vc_column_text css=&#8221;&#8221; font_color=&#8221;#FFFFFF&#8221;]From exclusive interviews and deep-dive features to tips, trends, and behind-the-scenes stories, Pok\u00e9ditorial delivers the complete experience. Whether you\u2019re chasing shiny Pok\u00e9mon, building a winning deck, or simply enjoying the nostalgia, we\u2019ve got you covered. This is where knowledge and passion evolve together, turning fandom into something smarter, brighter, and infinitely more delightful.<br \/>\nPok\u00e9ditorial Magazine\u2014where being different is our strength.[\/vc_column_text][\/vc_column][\/vc_row][vc_row css=&#8221;.vc_custom_1755468023125{background-color: #282727 !important;}&#8221;][vc_column css_animation=&#8221;slideInUp&#8221;][vc_empty_space][vc_empty_space][vc_single_image image=&#8221;4477&#8243; img_size=&#8221;full&#8221; alignment=&#8221;center&#8221; css_animation=&#8221;fadeIn&#8221; css=&#8221;&#8221;][vc_empty_space][vc_column_text css=&#8221;&#8221; font_color=&#8221;#FFFFFF&#8221;]\n<h5 style=\"text-align: center;\">Join our team of experts and lets explore together the wonder of the Pokemon universe!<\/h5>\n[\/vc_column_text][\/vc_column][\/vc_row][vc_row css=&#8221;.vc_custom_1755468171534{padding-top: 5% !important;padding-bottom: 10% !important;background-color: #282727 !important;}&#8221;][vc_column css_animation=&#8221;fadeInLeft&#8221; width=&#8221;1\/3&#8243; css=&#8221;.vc_custom_1510867788499{background-position: center !important;background-repeat: no-repeat !important;background-size: cover !important;border-radius: 30px !important;}&#8221;][vc_column_text]<div class=\"gym_class_wrap relative top-0 box-border mb-5 p-5 shadow-none hover:shadow-2xl flex justify-center items-center overflow-hidden transition-all duration-300 ease-in-out mt-0 gym_count_1 hover:-mt-5\" data-show-description=\"no\"><style type=\"text\/css\" scoped=\"scoped\">.gym_class_wrap.gym_count_1{background-image:url(https:\/\/pokemistry.com\/pokeditorial\/wp-content\/uploads\/2025\/08\/MAGFADED.jpg);background-size:cover;background-position: center center;border-radius:30px;-webkit-border-radius:30px;min-height:340px;}.gym_class_wrap.gym_count_1 .gym-mask{background-color: rgba(29,28,36,0.7);border-radius:30px;-webkit-border-radius:30px;}.gym_class_wrap.gym_count_1:hover .gym-mask{background-color: #131217E6;}.gym_class_wrap.gym_count_1 .gym_class_title > * {font-size: 17px;font-weight: 500;color: #ffffff;}.gym_class_wrap.gym_count_1 .gym_class_description {font-size: 13px;font-weight: 300;color: #ffffff;}.gym_class_wrap.gym_count_1 .gym_class_separator {background-color: #ffffff;}.gym_class_wrap.gym_count_1 .gym_class_link a {font-size: 11px;font-weight: 700;color: #ffffff;}.gym_class_wrap.gym_count_1:hover .gym_class_link a {color: #d03672;}<\/style><div class=\"gym-mask absolute block w-full h-full block left-0 top-0 transition-colors duration-300 ease-in-out\"><\/div><div class=\"gym_class_content w-full text-center z-10\"><div class=\"gym_class_title\"><h1 class=\"mb-0 text-base font-normal mb-3\">THE MAGAZINE<\/h1><\/div><div class=\"gym_class_description block md:hidden m-0\">HERE YOU CAN CHECK THE WHOLE POK\u00c9DITORIAL MAGAZINE LIBRARY<\/div><div class=\"gym_class_separator block w-10 h-1 block my-5 mx-auto background-gray-600\"><\/div><div class=\"gym_class_link font-bold text-sm\"><a href=\"http:\/\/pokemistry.com\/pokeditorial\/magazine\/\" target=\"_self\" class=\"block\">DISCOVER<\/a><\/div><\/div><\/div>[\/vc_column_text][\/vc_column][vc_column css_animation=&#8221;fadeInUp&#8221; width=&#8221;1\/3&#8243;][vc_column_text]<div class=\"gym_class_wrap relative top-0 box-border mb-5 p-5 shadow-none hover:shadow-2xl flex justify-center items-center overflow-hidden transition-all duration-300 ease-in-out mt-0 gym_count_2 hover:-mt-5\" data-show-description=\"no\"><style type=\"text\/css\" scoped=\"scoped\">.gym_class_wrap.gym_count_2{background-image:url(https:\/\/pokemistry.com\/pokeditorial\/wp-content\/uploads\/2025\/09\/NEWPODCAST.jpg);background-size:cover;background-position: center center;border-radius:30px;-webkit-border-radius:30px;min-height:340px;}.gym_class_wrap.gym_count_2 .gym-mask{background-color: rgba(29,28,36,0.7);border-radius:30px;-webkit-border-radius:30px;}.gym_class_wrap.gym_count_2:hover .gym-mask{background-color: #111015E6;}.gym_class_wrap.gym_count_2 .gym_class_title > * {font-size: 17px;font-weight: 500;color: #ffffff;}.gym_class_wrap.gym_count_2 .gym_class_description {font-size: 13px;font-weight: 300;color: #ffffff;}.gym_class_wrap.gym_count_2 .gym_class_separator {background-color: #ffffff;}.gym_class_wrap.gym_count_2 .gym_class_link a {font-size: 11px;font-weight: 700;color: #ffffff;}.gym_class_wrap.gym_count_2:hover .gym_class_link a {color: #09A927;}<\/style><div class=\"gym-mask absolute block w-full h-full block left-0 top-0 transition-colors duration-300 ease-in-out\"><\/div><div class=\"gym_class_content w-full text-center z-10\"><div class=\"gym_class_title\"><h1 class=\"mb-0 text-base font-normal mb-3\">THE PODCAST<\/h1><\/div><div class=\"gym_class_description block md:hidden m-0\">OUR TEAM IN THE STUDIO DEBATING AND DISCUSSING INTERESTING SUBJECTS, ALWAYS!<\/div><div class=\"gym_class_separator block w-10 h-1 block my-5 mx-auto background-gray-600\"><\/div><div class=\"gym_class_link font-bold text-sm\"><a href=\"http:\/\/pokemistry.com\/pokeditorial\/podcast\/\" target=\"_self\" class=\"block\">DISCOVER<\/a><\/div><\/div><\/div>[\/vc_column_text][\/vc_column][vc_column css_animation=&#8221;fadeInDown&#8221; width=&#8221;1\/3&#8243;][vc_column_text css=&#8221;&#8221;]\n<div class=\"gym_class_wrap relative top-0 box-border mb-5 p-5 shadow-none hover:shadow-2xl flex justify-center items-center overflow-hidden transition-all duration-300 ease-in-out mt-0 gym_count_3 hover:-mt-5\" data-show-description=\"no\"><style type=\"text\/css\" scoped=\"scoped\">.gym_class_wrap.gym_count_3{background-image:url(https:\/\/pokemistry.com\/pokeditorial\/wp-content\/uploads\/2025\/08\/PIKAFADE.jpg);background-size:cover;background-position: center center;border-radius:30px;-webkit-border-radius:30px;min-height:340px;}.gym_class_wrap.gym_count_3 .gym-mask{background-color: #18171FB3;border-radius:30px;-webkit-border-radius:30px;}.gym_class_wrap.gym_count_3:hover .gym-mask{background-color: #0A090CE6;}.gym_class_wrap.gym_count_3 .gym_class_title > * {font-size: 17px;font-weight: 500;color: #ffffff;}.gym_class_wrap.gym_count_3 .gym_class_description {font-size: 13px;font-weight: 300;color: #ffffff;}.gym_class_wrap.gym_count_3 .gym_class_separator {background-color: #ffffff;}.gym_class_wrap.gym_count_3 .gym_class_link a {font-size: 11px;font-weight: 700;color: #ffffff;}.gym_class_wrap.gym_count_3:hover .gym_class_link a {color: #FFFF00;}<\/style><div class=\"gym-mask absolute block w-full h-full block left-0 top-0 transition-colors duration-300 ease-in-out\"><\/div><div class=\"gym_class_content w-full text-center z-10\"><div class=\"gym_class_title\"><h1 class=\"mb-0 text-base font-normal mb-3\">THE SHINYDEX<\/h1><\/div><div class=\"gym_class_description block md:hidden m-0\">AN EXCITING VIRTUAL EXPOSITION!<br \/>\nCOMING TO LIFE VERY SOON<\/div><div class=\"gym_class_separator block w-10 h-1 block my-5 mx-auto background-gray-600\"><\/div><div class=\"gym_class_link font-bold text-sm\"><a href=\"#\" target=\"_self\" class=\"block\">COMING SOON<\/a><\/div><\/div><\/div>\n[\/vc_column_text][\/vc_column][\/vc_row][vc_row css=&#8221;.vc_custom_1755468784834{background-image: url(http:\/\/pokemistry.com\/pokeditorial\/wp-content\/uploads\/2025\/08\/BACKGROUND.png?id=4465) !important;}&#8221;][vc_column][vc_empty_space height=&#8221;58px&#8221;][\/vc_column][\/vc_row][vc_row css=&#8221;.vc_custom_1755468902171{padding-top: 10% !important;background-color: #006699 !important;}&#8221;][vc_column][vc_custom_heading text=&#8221;What are you looking for?&#8221; font_container=&#8221;tag:h2|font_size:38|text_align:center|color:%23FFFFFF|line_height:45px&#8221; use_theme_fonts=&#8221;yes&#8221; css_animation=&#8221;fadeIn&#8221; css=&#8221;&#8221; el_class=&#8221;font_weight_700&#8243;][vc_row_inner css=&#8221;.vc_custom_1509376885033{padding-top: 5% !important;padding-bottom: 2% !important;}&#8221;][vc_column_inner width=&#8221;1\/3&#8243;][vc_column_text]<div class=\"product_feature prod_feature_counter_1  wpb_animate_when_almost_visible wpb_fadeInUp fadeInUp flex font_weight_400 mb-4\" ><style type=\"text\/css\" scoped=\"scoped\">.product_feature.prod_feature_counter_1 .pf_icon i {color: #FFFFFF;display: block; text-align:center;font-size: 50px;width: 65px;height: 65px;line-height: 65px;}.product_feature.prod_feature_counter_1 .pf_content h4 {color: #FFFFFF;font-size: 17px;font-weight: 700;line-height: 1.5;margin-top: ;margin-bottom: 10px;}.product_feature.prod_feature_counter_1 .pf_content .pf_description {font-size: ;line-height: ;color: #FFFFFF;}<\/style><div class=\"pf_icon flex-none mb-6 mr-4\"><i class=\"fa fa-solid fa-circle-info inline-block text-center \"><\/i><\/div><div class=\"pf_content\"><h4 class=\"mb-4 text-lg leading-none font-bold text-gray-800\">WALK-THRU GAMING?<\/h4><div class=\"pf_description\">Our experts know how to help you evolve your experience!<\/p>\n<p>&nbsp;<\/p>\n<p>&nbsp;<\/p>\n<\/div><\/div><\/div>[\/vc_column_text][\/vc_column_inner][vc_column_inner width=&#8221;1\/3&#8243;][vc_column_text]<div class=\"product_feature prod_feature_counter_2  wpb_animate_when_almost_visible wpb_fadeInUp fadeInUp flex font_weight_400 mb-4\" ><style type=\"text\/css\" scoped=\"scoped\">.product_feature.prod_feature_counter_2 .pf_icon i {color: #FFFFFF;display: block; text-align:center;font-size: 50px;width: 65px;height: 65px;line-height: 65px;}.product_feature.prod_feature_counter_2 .pf_content h4 {color: #FFFFFF;font-size: 17px;font-weight: 700;line-height: 1.5;margin-top: ;margin-bottom: 10px;}.product_feature.prod_feature_counter_2 .pf_content .pf_description {font-size: ;line-height: ;color: #FFFFFF;}<\/style><div class=\"pf_icon flex-none mb-6 mr-4\"><i class=\"fa fa-solid fa-circle-info inline-block text-center \"><\/i><\/div><div class=\"pf_content\"><h4 class=\"mb-4 text-lg leading-none font-bold text-gray-800\">COMMUNITIES &amp; LEAGUES<\/h4><div class=\"pf_description\">We know the best place for you to make new friends, we list the best leagues in our magazine, every month!<\/p>\n<p>&nbsp;<\/p>\n<p>&nbsp;<\/p>\n<p>&nbsp;<\/p>\n<\/div><\/div><\/div>[\/vc_column_text][\/vc_column_inner][vc_column_inner width=&#8221;1\/3&#8243;][vc_column_text]<div class=\"product_feature prod_feature_counter_3  wpb_animate_when_almost_visible wpb_fadeInUp fadeInUp flex font_weight_400 mb-4\" ><style type=\"text\/css\" scoped=\"scoped\">.product_feature.prod_feature_counter_3 .pf_icon i {color: #FFFFFF;display: block; text-align:center;font-size: 50px;width: 65px;height: 65px;line-height: 65px;}.product_feature.prod_feature_counter_3 .pf_content h4 {color: #FFFFFF;font-size: 17px;font-weight: 700;line-height: 1.5;margin-top: ;margin-bottom: 10px;}.product_feature.prod_feature_counter_3 .pf_content .pf_description {font-size: ;line-height: ;color: #FFFFFF;}<\/style><div class=\"pf_icon flex-none mb-6 mr-4\"><i class=\"fa fa-solid fa-circle-info inline-block text-center \"><\/i><\/div><div class=\"pf_content\"><h4 class=\"mb-4 text-lg leading-none font-bold text-gray-800\">CARTOON FAN?<\/h4><div class=\"pf_description\">We have A LOT in common! Let&#8217;s discuss it in our Podcasts!<\/p>\n<p>&nbsp;<\/p>\n<p>&nbsp;<\/p>\n<\/div><\/div><\/div>[\/vc_column_text][\/vc_column_inner][\/vc_row_inner][\/vc_column][\/vc_row][vc_row content_placement=&#8221;middle&#8221; eq_height=&#8221;yes&#8221; css=&#8221;.vc_custom_1755469357917{margin-bottom: 0px !important;background-color: #000000 !important;}&#8221; el_class=&#8221;enable_overflow&#8221;][vc_column css_animation=&#8221;slideInLeft&#8221; width=&#8221;1\/2&#8243; col_shadow=&#8221;&#8221; css=&#8221;.vc_custom_1755469274963{padding-top: 10% !important;padding-bottom: 5% !important;background-color: #000000 !important;}&#8221;][vc_custom_heading text=&#8221;THE LATEST ISSUE&#8221; font_container=&#8221;tag:h2|font_size:38|text_align:right|color:%23FFFFFF|line_height:45px&#8221; use_theme_fonts=&#8221;yes&#8221; css=&#8221;&#8221; el_class=&#8221;font_weight_700&#8243;][vc_column_text css=&#8221;.vc_custom_1755469629751{padding-bottom: 40px !important;background-color: #000000 !important;}&#8221; font_color=&#8221;#FFFFFF&#8221;]\n<h5 style=\"text-align: right;\">Join us in a delightful reading sesh!<br \/>\nDownload it for free or request your physical copy!<\/h5>\n[\/vc_column_text][\/vc_column][vc_column css_animation=&#8221;slideInUp&#8221; width=&#8221;1\/2&#8243;][vc_single_image image=&#8221;4681&#8243; img_size=&#8221;359pxX511px&#8221; onclick=&#8221;custom_link&#8221; css=&#8221;.vc_custom_1768890334995{margin-top: -70px !important;padding-right: 30px !important;padding-left: 30px !important;background-color: #FFFFFF00 !important;}&#8221; link=&#8221;http:\/\/pokemistry.com\/pokeditorial\/magazine\/&#8221;][\/vc_column][\/vc_row][vc_row css=&#8221;.vc_custom_1755469145102{background-color: #000000 !important;}&#8221;][vc_column][vc_empty_space][vc_empty_space][vc_column_text css=&#8221;.vc_custom_1755476713151{background-color: #000000 !important;}&#8221; font_color=&#8221;#FFFFFF&#8221; font_size=&#8221;16px&#8221; line_height=&#8221;2&#8243;]\n<p style=\"text-align: center;\" data-start=\"0\" data-end=\"495\">Pok\u00e9ditorial Magazine is more than just a publication\u2014it\u2019s the ultimate hub for anyone who\u2019s ever been captivated by the world of Pok\u00e9mon. From the pixelated days of Pok\u00e9mon Blue on the Game Boy to the excitement building around the upcoming Pok\u00e9mon Legends: Z-A, our mission has always been the same: to create a space where fans of every generation feel at home. With every issue, we bridge nostalgia and innovation, exploring the history, present, and future of this ever-evolving universe.<\/p>\n<p style=\"text-align: center;\" data-start=\"497\" data-end=\"1030\">Our team is built of passionate experts who live and breathe Pok\u00e9mon in every form. Collectors guide you through the intricacies of rare cards, limited-edition merchandise, and the hidden gems worth preserving. Competitive players break down strategies for online battles, dissecting the metagame and giving readers the edge they need to climb the ranks. For those on the eternal quest of completing the Pok\u00e9dex, we provide detailed insights, efficient methods, and community tips to make the journey both rewarding and achievable.<\/p>\n<p style=\"text-align: center;\" data-start=\"1032\" data-end=\"1575\">But Pok\u00e9ditorial goes far beyond strategy and checklists. We celebrate the culture that Pok\u00e9mon has created\u2014debating the highs and lows of movies, analyzing episodes of the anime, and revisiting iconic moments that shaped our collective memory. The magazine thrives on conversation, welcoming perspectives from around the globe. From feature articles on rare international Pok\u00e9mon trades to firsthand stories from fans who\u2019ve traveled continents to complete their collections, our pages highlight how this franchise unites people everywhere.<\/p>\n<p style=\"text-align: center;\" data-start=\"1978\" data-end=\"2376\">What makes the magazine truly special is the way it treats Pok\u00e9mon not just as a game, but as a cultural phenomenon that has defined childhoods, inspired creativity, and continues to evolve with each new generation. Every article is written to entertain, inform, and delight. No matter your age, background, or level of expertise, Pok\u00e9ditorial is crafted to feel like a companion on your journey.<\/p>\n<p style=\"text-align: center;\" data-start=\"2378\" data-end=\"2451\" data-is-last-node=\"\" data-is-only-node=\"\">For fans, by fans\u2014Pok\u00e9ditorial Magazine is where every Trainer belongs.<\/p>\n[\/vc_column_text][vc_empty_space][vc_empty_space][\/vc_column][\/vc_row]\n<\/div>","protected":false},"excerpt":{"rendered":"<p>[vc_row layout=&#8221;wide&#8221; css=&#8221;.vc_custom_1755455230130{background-color: #000000 !important;}&#8221;][vc_column][layerslider_vc id=&#8221;2&#8243;][vc_empty_space][\/vc_column][\/vc_row][vc_row css=&#8221;.vc_custom_1755467782030{padding-top: 10% !important;padding-bottom: 10% !important;background-color: #000000 !important;}&#8221;][vc_column css_animation=&#8221;fadeInUp&#8221; width=&#8221;1\/3&#8243;][vc_custom_heading text=&#8221;We deliver delightful editorial about Pok\u00e9mon like no other!&#8221; font_container=&#8221;tag:h2|font_size:38|text_align:left|color:%23FFFFFF|line_height:45px&#8221; use_theme_fonts=&#8221;yes&#8221; css=&#8221;&#8221; el_class=&#8221;font_weight_700&#8243;][\/vc_column][vc_column css_animation=&#8221;fadeInDown&#8221; width=&#8221;1\/3&#8243;][vc_column_text css=&#8221;&#8221; font_color=&#8221;#FFFFFF&#8221;]Pok\u00e9ditorial Magazine isn\u2019t your average fan mag\u2014it\u2019s where Pok\u00e9mon expertise meets sharp editorial flair. We believe information doesn\u2019t have to be bland, so every&#8230;<\/p>\n","protected":false},"author":1,"featured_media":0,"parent":0,"menu_order":0,"comment_status":"closed","ping_status":"open","template":"page-full.php","meta":{"footnotes":""},"class_list":["post-284","page","type-page","status-publish","hentry"],"_links":{"self":[{"href":"https:\/\/pokemistry.com\/pokeditorial\/wp-json\/wp\/v2\/pages\/284","targetHints":{"allow":["GET"]}}],"collection":[{"href":"https:\/\/pokemistry.com\/pokeditorial\/wp-json\/wp\/v2\/pages"}],"about":[{"href":"https:\/\/pokemistry.com\/pokeditorial\/wp-json\/wp\/v2\/types\/page"}],"author":[{"embeddable":true,"href":"https:\/\/pokemistry.com\/pokeditorial\/wp-json\/wp\/v2\/users\/1"}],"replies":[{"embeddable":true,"href":"https:\/\/pokemistry.com\/pokeditorial\/wp-json\/wp\/v2\/comments?post=284"}],"version-history":[{"count":56,"href":"https:\/\/pokemistry.com\/pokeditorial\/wp-json\/wp\/v2\/pages\/284\/revisions"}],"predecessor-version":[{"id":4683,"href":"https:\/\/pokemistry.com\/pokeditorial\/wp-json\/wp\/v2\/pages\/284\/revisions\/4683"}],"wp:attachment":[{"href":"https:\/\/pokemistry.com\/pokeditorial\/wp-json\/wp\/v2\/media?parent=284"}],"curies":[{"name":"wp","href":"https:\/\/api.w.org\/{rel}","templated":true}]}}