{"id":233,"date":"2016-04-09T17:39:46","date_gmt":"2016-04-09T17:39:46","guid":{"rendered":"http:\/\/rockythemes.com\/creativo-cafe\/?page_id=233"},"modified":"2026-04-12T02:32:11","modified_gmt":"2026-04-12T02:32:11","slug":"ad","status":"publish","type":"page","link":"https:\/\/pokemistry.com\/blumew\/ad\/","title":{"rendered":"Blog"},"content":{"rendered":"<div class=\"wpb-content-wrapper\">[vc_row parallax=&#8221;yes&#8221; css=&#8221;.vc_custom_1460293414888{padding-top: 20% !important;padding-bottom: 20% !important;background-image: url(https:\/\/simvip.com.br\/blumew\/wp-content\/uploads\/2016\/04\/blog-bg.jpg?id=238) !important;}&#8221;][vc_column][vc_custom_heading text=&#8221;OPEN ARTICLES&#8221; font_container=&#8221;tag:h2|font_size:60|text_align:center|color:%23ffffff&#8221; use_theme_fonts=&#8221;yes&#8221; css=&#8221;&#8221;][vc_custom_heading text=&#8221;Have a taste of our incredible content. Become a member for full access.&#8221; font_container=&#8221;tag:p|font_size:30|text_align:center|color:%23d0bc9b&#8221; use_theme_fonts=&#8221;yes&#8221; css=&#8221;&#8221;][vc_empty_space]<style type=\"text\/css\" scoped=\"scoped\">.post_scope_1 .posts-grid-item .description {background-color: rgba(10,10,10,0.01);color:#dbdbdb;padding: 15px 10px;font-size:16px; line-height: 1.6;font-weight: ;}.post_scope_1 .posts-grid-item h3 a {color:#d1b181;}.post_scope_1 .posts-grid-item h3 {font-size:26px;font-weight:600;line-height:;}.post_scope_1 .posts-grid-item .date_comments span, .post_scope_1 .posts-grid-item .date_comments a.comment_link {color:  ;}.post_scope_1 .posts-grid-item .date {color:#c9c9c9;}<\/style><div class=\"recent_posts_container post_scope_1\"><div class=\"grid-masonry masonry-cols-2 js-masonry\"><div class=\"gutter-sizer\"><\/div><div class=\"posts-grid-item mb-6\">\r\n\t\t\t\t\t\t\t\t<figure class=\"overflow-hidden relative\">\r\n\t\t\t\t\t\t\t\t\t<a href=\"https:\/\/pokemistry.com\/blumew\/2017\/04\/20\/blue-mew-obsession-part-2\/\">\r\n\t\t\t\t\t\t\t\t\t\t<span class=\"text-overlay\">\r\n\t\t\t\t\t\t\t\t\t\t\t<icon class=\"info\">+<\/icon>\r\n\t\t\t\t\t\t\t\t\t\t<\/span><img loading=\"lazy\" decoding=\"async\" width=\"1200\" height=\"1200\" src=\"https:\/\/pokemistry.com\/blumew\/wp-content\/uploads\/2021\/04\/PRSM_0009.jpg\" class=\"attachment-full size-full wp-post-image\" alt=\"\" srcset=\"https:\/\/pokemistry.com\/blumew\/wp-content\/uploads\/2021\/04\/PRSM_0009.jpg 1200w, https:\/\/pokemistry.com\/blumew\/wp-content\/uploads\/2021\/04\/PRSM_0009-300x300.jpg 300w, https:\/\/pokemistry.com\/blumew\/wp-content\/uploads\/2021\/04\/PRSM_0009-1024x1024.jpg 1024w, https:\/\/pokemistry.com\/blumew\/wp-content\/uploads\/2021\/04\/PRSM_0009-150x150.jpg 150w, https:\/\/pokemistry.com\/blumew\/wp-content\/uploads\/2021\/04\/PRSM_0009-768x768.jpg 768w, https:\/\/pokemistry.com\/blumew\/wp-content\/uploads\/2021\/04\/PRSM_0009-90x90.jpg 90w\" sizes=\"auto, (max-width: 1200px) 100vw, 1200px\" \/><\/a>\r\n\t\t\t\t\t\t\t\t<\/figure><div class=\"description pt-3\"><h3 class=\"mb-3\"><a href=\"https:\/\/pokemistry.com\/blumew\/2017\/04\/20\/blue-mew-obsession-part-2\/\">Blue Mew Obsession, part 2<\/a><\/h3><div class=\"post_grid_desc mb-4\">Florence returned home, carrying his most precious jewel. Mew was caught but things weren&#8217;t fine: the pok\u00e9ball holding the creature was constantly too hot and vibrating continuously, showing that the device wouldn&#8217;t hold the Pok\u00e9mon...<\/div><div class=\"date flex justify-between border-t border-transparent text-xs\"><div class=\"date_text\">April 20, 2017<\/div><\/div><\/div><\/div><div class=\"posts-grid-item mb-6\">\r\n\t\t\t\t\t\t\t\t<figure class=\"overflow-hidden relative\">\r\n\t\t\t\t\t\t\t\t\t<a href=\"https:\/\/pokemistry.com\/blumew\/2017\/04\/07\/blue-mew-obsession-part-1\/\">\r\n\t\t\t\t\t\t\t\t\t\t<span class=\"text-overlay\">\r\n\t\t\t\t\t\t\t\t\t\t\t<icon class=\"info\">+<\/icon>\r\n\t\t\t\t\t\t\t\t\t\t<\/span><img loading=\"lazy\" decoding=\"async\" width=\"816\" height=\"768\" src=\"https:\/\/pokemistry.com\/blumew\/wp-content\/uploads\/2021\/04\/ProfPose.jpg\" class=\"attachment-full size-full wp-post-image\" alt=\"\" srcset=\"https:\/\/pokemistry.com\/blumew\/wp-content\/uploads\/2021\/04\/ProfPose.jpg 816w, https:\/\/pokemistry.com\/blumew\/wp-content\/uploads\/2021\/04\/ProfPose-300x282.jpg 300w, https:\/\/pokemistry.com\/blumew\/wp-content\/uploads\/2021\/04\/ProfPose-768x723.jpg 768w\" sizes=\"auto, (max-width: 816px) 100vw, 816px\" \/><\/a>\r\n\t\t\t\t\t\t\t\t<\/figure><div class=\"description pt-3\"><h3 class=\"mb-3\"><a href=\"https:\/\/pokemistry.com\/blumew\/2017\/04\/07\/blue-mew-obsession-part-1\/\">Blue Mew Obsession, part 1<\/a><\/h3><div class=\"post_grid_desc mb-4\">The year was 1845 and the most famous Professor Pok\u00e9mon, Aurelius Florence had invested in a huge campaign, to get his pok\u00e9dex completed (including the 151 creatures known at that time). A rumor about the...<\/div><div class=\"date flex justify-between border-t border-transparent text-xs\"><div class=\"date_text\">April 7, 2017<\/div><\/div><\/div><\/div><div class=\"posts-grid-item mb-6\">\r\n\t\t\t\t\t\t\t\t<figure class=\"overflow-hidden relative\">\r\n\t\t\t\t\t\t\t\t\t<a href=\"https:\/\/pokemistry.com\/blumew\/2017\/03\/23\/aurelius-florence-and-the-first-shiny-mew\/\">\r\n\t\t\t\t\t\t\t\t\t\t<span class=\"text-overlay\">\r\n\t\t\t\t\t\t\t\t\t\t\t<icon class=\"info\">+<\/icon>\r\n\t\t\t\t\t\t\t\t\t\t<\/span><img loading=\"lazy\" decoding=\"async\" width=\"1247\" height=\"1247\" src=\"https:\/\/pokemistry.com\/blumew\/wp-content\/uploads\/2021\/03\/cardb1.jpg\" class=\"attachment-full size-full wp-post-image\" alt=\"\" srcset=\"https:\/\/pokemistry.com\/blumew\/wp-content\/uploads\/2021\/03\/cardb1.jpg 1247w, https:\/\/pokemistry.com\/blumew\/wp-content\/uploads\/2021\/03\/cardb1-300x300.jpg 300w, https:\/\/pokemistry.com\/blumew\/wp-content\/uploads\/2021\/03\/cardb1-1024x1024.jpg 1024w, https:\/\/pokemistry.com\/blumew\/wp-content\/uploads\/2021\/03\/cardb1-150x150.jpg 150w, https:\/\/pokemistry.com\/blumew\/wp-content\/uploads\/2021\/03\/cardb1-768x768.jpg 768w, https:\/\/pokemistry.com\/blumew\/wp-content\/uploads\/2021\/03\/cardb1-90x90.jpg 90w\" sizes=\"auto, (max-width: 1247px) 100vw, 1247px\" \/><\/a>\r\n\t\t\t\t\t\t\t\t<\/figure><div class=\"description pt-3\"><h3 class=\"mb-3\"><a href=\"https:\/\/pokemistry.com\/blumew\/2017\/03\/23\/aurelius-florence-and-the-first-shiny-mew\/\">Aurelius Florence and the first shiny Mew<\/a><\/h3><div class=\"post_grid_desc mb-4\">Aurelius was born in 09\/10\/1801 and he grew up in a very traditional family, based in London. Aurelius started training and collecting Pok\u00e9mon at a very young age, he was 12 when he decided to...<\/div><div class=\"date flex justify-between border-t border-transparent text-xs\"><div class=\"date_text\">March 23, 2017<\/div><\/div><\/div><\/div><div class=\"posts-grid-item mb-6\">\r\n\t\t\t\t\t\t\t\t<figure class=\"overflow-hidden relative\">\r\n\t\t\t\t\t\t\t\t\t<a href=\"https:\/\/pokemistry.com\/blumew\/2016\/11\/11\/red-gold\/\">\r\n\t\t\t\t\t\t\t\t\t\t<span class=\"text-overlay\">\r\n\t\t\t\t\t\t\t\t\t\t\t<icon class=\"info\">+<\/icon>\r\n\t\t\t\t\t\t\t\t\t\t<\/span><img loading=\"lazy\" decoding=\"async\" width=\"1024\" height=\"480\" src=\"https:\/\/pokemistry.com\/blumew\/wp-content\/uploads\/2021\/03\/CB0B0AAF-ECF5-4EE7-AEEA-2EC7F9D60CD7.jpeg\" class=\"attachment-full size-full wp-post-image\" alt=\"\" srcset=\"https:\/\/pokemistry.com\/blumew\/wp-content\/uploads\/2021\/03\/CB0B0AAF-ECF5-4EE7-AEEA-2EC7F9D60CD7.jpeg 1024w, https:\/\/pokemistry.com\/blumew\/wp-content\/uploads\/2021\/03\/CB0B0AAF-ECF5-4EE7-AEEA-2EC7F9D60CD7-300x141.jpeg 300w, https:\/\/pokemistry.com\/blumew\/wp-content\/uploads\/2021\/03\/CB0B0AAF-ECF5-4EE7-AEEA-2EC7F9D60CD7-768x360.jpeg 768w, https:\/\/pokemistry.com\/blumew\/wp-content\/uploads\/2021\/03\/CB0B0AAF-ECF5-4EE7-AEEA-2EC7F9D60CD7-600x281.jpeg 600w\" sizes=\"auto, (max-width: 1024px) 100vw, 1024px\" \/><\/a>\r\n\t\t\t\t\t\t\t\t<\/figure><div class=\"description pt-3\"><h3 class=\"mb-3\"><a href=\"https:\/\/pokemistry.com\/blumew\/2016\/11\/11\/red-gold\/\">Red Gold!<\/a><\/h3><div class=\"post_grid_desc mb-4\">There I was, three months later my disappointment, walking around the Upport Lake one more time. Holding chocolate bar, and thinking about illustrate my memories in a book (which later on happened and became the...<\/div><div class=\"date flex justify-between border-t border-transparent text-xs\"><div class=\"date_text\">November 11, 2016<\/div><\/div><\/div><\/div><div class=\"posts-grid-item mb-6\">\r\n\t\t\t\t\t\t\t\t<figure class=\"overflow-hidden relative\">\r\n\t\t\t\t\t\t\t\t\t<a href=\"https:\/\/pokemistry.com\/blumew\/2016\/05\/21\/surprisingly-interesting\/\">\r\n\t\t\t\t\t\t\t\t\t\t<span class=\"text-overlay\">\r\n\t\t\t\t\t\t\t\t\t\t\t<icon class=\"info\">+<\/icon>\r\n\t\t\t\t\t\t\t\t\t\t<\/span><img loading=\"lazy\" decoding=\"async\" width=\"1024\" height=\"474\" src=\"https:\/\/pokemistry.com\/blumew\/wp-content\/uploads\/2016\/05\/B2FFF25E-65FE-44BB-B7E1-078C8B8F8AB4.jpeg\" class=\"attachment-full size-full wp-post-image\" alt=\"\" srcset=\"https:\/\/pokemistry.com\/blumew\/wp-content\/uploads\/2016\/05\/B2FFF25E-65FE-44BB-B7E1-078C8B8F8AB4.jpeg 1024w, https:\/\/pokemistry.com\/blumew\/wp-content\/uploads\/2016\/05\/B2FFF25E-65FE-44BB-B7E1-078C8B8F8AB4-300x139.jpeg 300w, https:\/\/pokemistry.com\/blumew\/wp-content\/uploads\/2016\/05\/B2FFF25E-65FE-44BB-B7E1-078C8B8F8AB4-768x356.jpeg 768w, https:\/\/pokemistry.com\/blumew\/wp-content\/uploads\/2016\/05\/B2FFF25E-65FE-44BB-B7E1-078C8B8F8AB4-600x278.jpeg 600w\" sizes=\"auto, (max-width: 1024px) 100vw, 1024px\" \/><\/a>\r\n\t\t\t\t\t\t\t\t<\/figure><div class=\"description pt-3\"><h3 class=\"mb-3\"><a href=\"https:\/\/pokemistry.com\/blumew\/2016\/05\/21\/surprisingly-interesting\/\">Surprisingly interesting<\/a><\/h3><div class=\"post_grid_desc mb-4\">\u00a0 Since my golden encounter at Upport Lake, I decided to start a study about my obsession: the Pok\u00e9mon Mew. Maybe the most difficult creature to be tracked and found in the entire world might...<\/div><div class=\"date flex justify-between border-t border-transparent text-xs\"><div class=\"date_text\">May 21, 2016<\/div><\/div><\/div><\/div><div class=\"posts-grid-item mb-6\">\r\n\t\t\t\t\t\t\t\t<figure class=\"overflow-hidden relative\">\r\n\t\t\t\t\t\t\t\t\t<a href=\"https:\/\/pokemistry.com\/blumew\/2016\/04\/11\/back-to-the-golden-lake\/\">\r\n\t\t\t\t\t\t\t\t\t\t<span class=\"text-overlay\">\r\n\t\t\t\t\t\t\t\t\t\t\t<icon class=\"info\">+<\/icon>\r\n\t\t\t\t\t\t\t\t\t\t<\/span><img loading=\"lazy\" decoding=\"async\" width=\"1024\" height=\"474\" src=\"https:\/\/pokemistry.com\/blumew\/wp-content\/uploads\/2016\/05\/D6BBEB9B-548B-46B8-81AC-D5A417A8D7B4.jpeg\" class=\"attachment-full size-full wp-post-image\" alt=\"\" srcset=\"https:\/\/pokemistry.com\/blumew\/wp-content\/uploads\/2016\/05\/D6BBEB9B-548B-46B8-81AC-D5A417A8D7B4.jpeg 1024w, https:\/\/pokemistry.com\/blumew\/wp-content\/uploads\/2016\/05\/D6BBEB9B-548B-46B8-81AC-D5A417A8D7B4-300x139.jpeg 300w, https:\/\/pokemistry.com\/blumew\/wp-content\/uploads\/2016\/05\/D6BBEB9B-548B-46B8-81AC-D5A417A8D7B4-768x356.jpeg 768w, https:\/\/pokemistry.com\/blumew\/wp-content\/uploads\/2016\/05\/D6BBEB9B-548B-46B8-81AC-D5A417A8D7B4-600x278.jpeg 600w\" sizes=\"auto, (max-width: 1024px) 100vw, 1024px\" \/><\/a>\r\n\t\t\t\t\t\t\t\t<\/figure><div class=\"description pt-3\"><h3 class=\"mb-3\"><a href=\"https:\/\/pokemistry.com\/blumew\/2016\/04\/11\/back-to-the-golden-lake\/\">Back to the golden lake<\/a><\/h3><div class=\"post_grid_desc mb-4\">After few months visiting the \u201cgolden\u201d lake at least once a week and spending few hours observing the scenario, I have to sadly report that I couldn\u2019t see the bright Magikarp anymore. I threw few...<\/div><div class=\"date flex justify-between border-t border-transparent text-xs\"><div class=\"date_text\">April 11, 2016<\/div><\/div><\/div><\/div><div class=\"posts-grid-item mb-6\">\r\n\t\t\t\t\t\t\t\t<figure class=\"overflow-hidden relative\">\r\n\t\t\t\t\t\t\t\t\t<a href=\"https:\/\/pokemistry.com\/blumew\/2016\/04\/11\/training\/\">\r\n\t\t\t\t\t\t\t\t\t\t<span class=\"text-overlay\">\r\n\t\t\t\t\t\t\t\t\t\t\t<icon class=\"info\">+<\/icon>\r\n\t\t\t\t\t\t\t\t\t\t<\/span><img loading=\"lazy\" decoding=\"async\" width=\"1024\" height=\"512\" src=\"https:\/\/pokemistry.com\/blumew\/wp-content\/uploads\/2016\/04\/alumini.jpg\" class=\"attachment-full size-full wp-post-image\" alt=\"\" srcset=\"https:\/\/pokemistry.com\/blumew\/wp-content\/uploads\/2016\/04\/alumini.jpg 1024w, https:\/\/pokemistry.com\/blumew\/wp-content\/uploads\/2016\/04\/alumini-300x150.jpg 300w, https:\/\/pokemistry.com\/blumew\/wp-content\/uploads\/2016\/04\/alumini-768x384.jpg 768w, https:\/\/pokemistry.com\/blumew\/wp-content\/uploads\/2016\/04\/alumini-600x300.jpg 600w\" sizes=\"auto, (max-width: 1024px) 100vw, 1024px\" \/><\/a>\r\n\t\t\t\t\t\t\t\t<\/figure><div class=\"description pt-3\"><h3 class=\"mb-3\"><a href=\"https:\/\/pokemistry.com\/blumew\/2016\/04\/11\/training\/\">Training<\/a><\/h3><div class=\"post_grid_desc mb-4\">What kind of Pok\u00e9mon trainer are you? You might be a collector, as Prof. Logan. Or perhaps an explorer, like Prof. Maxeedo. Pok\u00e9-Biologist? That&#8217;s Prof. Mark! Oh, I see, you are a Pok\u00e9mon fight-competitive type&#8230;...<\/div><div class=\"date flex justify-between border-t border-transparent text-xs\"><div class=\"date_text\">April 11, 2016<\/div><\/div><\/div><\/div><div class=\"posts-grid-item mb-6\">\r\n\t\t\t\t\t\t\t\t<figure class=\"overflow-hidden relative\">\r\n\t\t\t\t\t\t\t\t\t<a href=\"https:\/\/pokemistry.com\/blumew\/2016\/04\/11\/slumberig-weald\/\">\r\n\t\t\t\t\t\t\t\t\t\t<span class=\"text-overlay\">\r\n\t\t\t\t\t\t\t\t\t\t\t<icon class=\"info\">+<\/icon>\r\n\t\t\t\t\t\t\t\t\t\t<\/span><img loading=\"lazy\" decoding=\"async\" width=\"1997\" height=\"1498\" src=\"https:\/\/pokemistry.com\/blumew\/wp-content\/uploads\/2016\/04\/slumb.jpg\" class=\"attachment-full size-full wp-post-image\" alt=\"\" srcset=\"https:\/\/pokemistry.com\/blumew\/wp-content\/uploads\/2016\/04\/slumb.jpg 1997w, https:\/\/pokemistry.com\/blumew\/wp-content\/uploads\/2016\/04\/slumb-300x225.jpg 300w, https:\/\/pokemistry.com\/blumew\/wp-content\/uploads\/2016\/04\/slumb-1024x768.jpg 1024w, https:\/\/pokemistry.com\/blumew\/wp-content\/uploads\/2016\/04\/slumb-768x576.jpg 768w, https:\/\/pokemistry.com\/blumew\/wp-content\/uploads\/2016\/04\/slumb-1536x1152.jpg 1536w, https:\/\/pokemistry.com\/blumew\/wp-content\/uploads\/2016\/04\/slumb-381x285.jpg 381w, https:\/\/pokemistry.com\/blumew\/wp-content\/uploads\/2016\/04\/slumb-600x450.jpg 600w\" sizes=\"auto, (max-width: 1997px) 100vw, 1997px\" \/><\/a>\r\n\t\t\t\t\t\t\t\t<\/figure><div class=\"description pt-3\"><h3 class=\"mb-3\"><a href=\"https:\/\/pokemistry.com\/blumew\/2016\/04\/11\/slumberig-weald\/\">Slumberig Weald<\/a><\/h3><div class=\"post_grid_desc mb-4\">When my grandfather, Prof. Logan invited me to join the Blumew Academy&#8217;s board of directors, I could sense my life would never be the same. I mean, I do love living adventures and being an...<\/div><div class=\"date flex justify-between border-t border-transparent text-xs\"><div class=\"date_text\">April 11, 2016<\/div><\/div><\/div><\/div><div class=\"posts-grid-item mb-6\">\r\n\t\t\t\t\t\t\t\t<figure class=\"overflow-hidden relative\">\r\n\t\t\t\t\t\t\t\t\t<a href=\"https:\/\/pokemistry.com\/blumew\/2016\/01\/04\/proin-sodales-quam-nec-ante-sollicits\/\">\r\n\t\t\t\t\t\t\t\t\t\t<span class=\"text-overlay\">\r\n\t\t\t\t\t\t\t\t\t\t\t<icon class=\"info\">+<\/icon>\r\n\t\t\t\t\t\t\t\t\t\t<\/span><img loading=\"lazy\" decoding=\"async\" width=\"1515\" height=\"1024\" src=\"https:\/\/pokemistry.com\/blumew\/wp-content\/uploads\/2021\/03\/oneMEW.jpg\" class=\"attachment-full size-full wp-post-image\" alt=\"\" srcset=\"https:\/\/pokemistry.com\/blumew\/wp-content\/uploads\/2021\/03\/oneMEW.jpg 1515w, https:\/\/pokemistry.com\/blumew\/wp-content\/uploads\/2021\/03\/oneMEW-300x203.jpg 300w, https:\/\/pokemistry.com\/blumew\/wp-content\/uploads\/2021\/03\/oneMEW-1024x692.jpg 1024w, https:\/\/pokemistry.com\/blumew\/wp-content\/uploads\/2021\/03\/oneMEW-768x519.jpg 768w, https:\/\/pokemistry.com\/blumew\/wp-content\/uploads\/2021\/03\/oneMEW-600x406.jpg 600w\" sizes=\"auto, (max-width: 1515px) 100vw, 1515px\" \/><\/a>\r\n\t\t\t\t\t\t\t\t<\/figure><div class=\"description pt-3\"><h3 class=\"mb-3\"><a href=\"https:\/\/pokemistry.com\/blumew\/2016\/01\/04\/proin-sodales-quam-nec-ante-sollicits\/\">One MEW to type them all!<\/a><\/h3><div class=\"post_grid_desc mb-4\">\u00a0 Far far away, behind the word mountains, a legendary Pok\u00e9mon exists. And the most fascinating thing about this creature is its DNA. Mew, a bright pink furred creature carries 100% of the genetic matter...<\/div><div class=\"date flex justify-between border-t border-transparent text-xs\"><div class=\"date_text\">January 4, 2016<\/div><\/div><\/div><\/div><div class=\"posts-grid-item mb-6\"><div class=\"description pt-3\"><h3 class=\"mb-3\"><a href=\"https:\/\/pokemistry.com\/blumew\/2016\/01\/03\/learning-at-blumew-academy\/\">Learning at Blumew Academy<\/a><\/h3><div class=\"post_grid_desc mb-4\">Our academy follows an extensive program and we are proud to announce the full schedule for\u00a0 YEARS I, II &amp; III: YEAR I: POK\u00c9BALL:Structure, mechanics &amp; safety. POK\u00c9PHISYOLOGY:From DNA to Arceus. GEOGRAPHY AND POK\u00c9MON:Tracking the...<\/div><div class=\"date flex justify-between border-t border-transparent text-xs\"><div class=\"date_text\">January 3, 2016<\/div><\/div><\/div><\/div><\/div><\/div>[\/vc_column][\/vc_row]\n<\/div>","protected":false},"excerpt":{"rendered":"<p>[vc_row parallax=&#8221;yes&#8221; css=&#8221;.vc_custom_1460293414888{padding-top: 20% !important;padding-bottom: 20% !important;background-image: url(https:\/\/simvip.com.br\/blumew\/wp-content\/uploads\/2016\/04\/blog-bg.jpg?id=238) !important;}&#8221;][vc_column][vc_custom_heading text=&#8221;OPEN ARTICLES&#8221; font_container=&#8221;tag:h2|font_size:60|text_align:center|color:%23ffffff&#8221; use_theme_fonts=&#8221;yes&#8221; css=&#8221;&#8221;][vc_custom_heading text=&#8221;Have a taste of our incredible content. Become a member for full access.&#8221; font_container=&#8221;tag:p|font_size:30|text_align:center|color:%23d0bc9b&#8221; use_theme_fonts=&#8221;yes&#8221; css=&#8221;&#8221;][vc_empty_space][\/vc_column][\/vc_row]<\/p>\n","protected":false},"author":1,"featured_media":0,"parent":0,"menu_order":0,"comment_status":"closed","ping_status":"closed","template":"page-full.php","meta":{"footnotes":""},"class_list":["post-233","page","type-page","status-publish","hentry"],"_links":{"self":[{"href":"https:\/\/pokemistry.com\/blumew\/wp-json\/wp\/v2\/pages\/233","targetHints":{"allow":["GET"]}}],"collection":[{"href":"https:\/\/pokemistry.com\/blumew\/wp-json\/wp\/v2\/pages"}],"about":[{"href":"https:\/\/pokemistry.com\/blumew\/wp-json\/wp\/v2\/types\/page"}],"author":[{"embeddable":true,"href":"https:\/\/pokemistry.com\/blumew\/wp-json\/wp\/v2\/users\/1"}],"replies":[{"embeddable":true,"href":"https:\/\/pokemistry.com\/blumew\/wp-json\/wp\/v2\/comments?post=233"}],"version-history":[{"count":3,"href":"https:\/\/pokemistry.com\/blumew\/wp-json\/wp\/v2\/pages\/233\/revisions"}],"predecessor-version":[{"id":4576,"href":"https:\/\/pokemistry.com\/blumew\/wp-json\/wp\/v2\/pages\/233\/revisions\/4576"}],"wp:attachment":[{"href":"https:\/\/pokemistry.com\/blumew\/wp-json\/wp\/v2\/media?parent=233"}],"curies":[{"name":"wp","href":"https:\/\/api.w.org\/{rel}","templated":true}]}}